{"id":370,"date":"2016-04-28T13:52:43","date_gmt":"2016-04-28T11:52:43","guid":{"rendered":"http:\/\/www.w2e-consultant.com\/kontakt\/?lang=en"},"modified":"2025-01-07T12:56:11","modified_gmt":"2025-01-07T11:56:11","slug":"contact","status":"publish","type":"page","link":"https:\/\/www.w2e-consultant.com\/en\/contact\/","title":{"rendered":"Contact"},"content":{"rendered":"<div id=\"pl-370\"  class=\"panel-layout\" ><div id=\"pg-370-0\"  class=\"panel-grid panel-has-style\" ><div class=\"siteorigin-panels-stretch panel-row-style panel-row-style-for-370-0\" data-stretch-type=\"full-width-stretch\" ><div id=\"pgc-370-0-0\"  class=\"panel-grid-cell\" ><div id=\"panel-370-0-0-0\" class=\"so-panel widget widget_sow-hero panel-first-child panel-last-child\" data-index=\"0\" ><div\n\t\t\t\n\t\t\tclass=\"so-widget-sow-hero so-widget-sow-hero-default-cc60c88d5d58-370 so-widget-fittext-wrapper\"\n\t\t\t data-fit-text-compressor=\"0.85\"\n\t\t>\t\t\t\t<div class=\"sow-slider-base\" style=\"display: none\" tabindex=\"0\">\n\t\t\t\t\t<ul\n\t\t\t\t\tclass=\"sow-slider-images\"\n\t\t\t\t\tdata-settings=\"{&quot;pagination&quot;:true,&quot;speed&quot;:800,&quot;timeout&quot;:8000,&quot;paused&quot;:false,&quot;pause_on_hover&quot;:false,&quot;swipe&quot;:true,&quot;nav_always_show_desktop&quot;:&quot;&quot;,&quot;nav_always_show_mobile&quot;:&quot;&quot;,&quot;breakpoint&quot;:&quot;780px&quot;,&quot;unmute&quot;:false,&quot;anchor&quot;:null}\"\n\t\t\t\t\tstyle=\"min-height: 200px\"\t\t\t\t\tdata-anchor-id=\"\"\n\t\t\t\t>\t\t<li class=\"sow-slider-image  sow-slider-image-cover\" style=\"visibility: visible;;background-color: #333333\" >\n\t\t\t\t\t<div class=\"sow-slider-image-container\">\n\t\t\t<div class=\"sow-slider-image-wrapper\">\n\t\t\t\t<h1 style=\"text-align: center\">Kontakt<\/h1><h3 style=\"text-align: center\">Wir werden Sie \u00fcberzeugen!<\/h3>\t\t\t<\/div>\n\t\t<\/div>\n\t\t<div class=\"sow-slider-image-overlay sow-slider-image-cover\" style=\"opacity: 0.5;background-image: url(http:\/\/layouts.siteorigin.com\/wp-content\/uploads\/2015\/10\/ipad-718411_1920.jpg#1920x1280)\"  ><\/div>\t\t<\/li>\n\t\t<\/ul>\t\t\t\t<ol class=\"sow-slider-pagination\">\n\t\t\t\t\t\t\t\t\t\t\t<li><a href=\"#\" data-goto=\"0\" aria-label=\"Display slide 1\"><\/a><\/li>\n\t\t\t\t\t\t\t\t\t<\/ol>\n\n\t\t\t\t<div class=\"sow-slide-nav sow-slide-nav-next\">\n\t\t\t\t\t<a href=\"#\" data-goto=\"next\" aria-label=\"Next slide\" data-action=\"next\">\n\t\t\t\t\t\t<em class=\"sow-sld-icon-thin-right\"><\/em>\n\t\t\t\t\t<\/a>\n\t\t\t\t<\/div>\n\n\t\t\t\t<div class=\"sow-slide-nav sow-slide-nav-prev\">\n\t\t\t\t\t<a href=\"#\" data-goto=\"previous\" aria-label=\"Previous slide\" data-action=\"prev\">\n\t\t\t\t\t\t<em class=\"sow-sld-icon-thin-left\"><\/em>\n\t\t\t\t\t<\/a>\n\t\t\t\t<\/div>\n\t\t\t\t<\/div><\/div><\/div><\/div><\/div><\/div><div id=\"pg-370-1\"  class=\"panel-grid panel-has-style\" ><div class=\"siteorigin-panels-stretch kt-panel-row-stretch panel-row-style panel-row-style-for-370-1\" style=\"visibility: hidden;\" data-stretch-type=\"full\" ><div id=\"pgc-370-1-0\"  class=\"panel-grid-cell\" ><div id=\"panel-370-1-0-0\" class=\"so-panel widget widget_widget_kadence_contact widget_kadence_contact panel-first-child panel-last-child\" data-index=\"1\" >    <div class=\"vcard\">\n      \n      <h5 class=\"vcard-company\"><i class=\"icon-office\"><\/i>W2E Consultant (Global) Pte. Ltd. (Germany)<\/h5>      <p class=\"vcard-name fn\"><i class=\"icon-user2\"><\/i>Your Contact Person: J\u00f6rg M\u00fcller<\/p>              <p class=\"vcard-address\"><i class=\"icon-location\"><\/i>C\/O SiegRevision GmbH, Bahnhof Weidenau 6, 57076 Siegen       <span>  <\/span><\/p>\n                 <p class=\"tel fixedtel\"><i class=\"icon-phone\"><\/i>+49 271 3178380<\/p>      <p><a class=\"email\" href=\"mailto:&#103;e&#114;m&#97;ny&#64;&#119;2&#101;-c&#111;&#110;&#115;&#117;lta&#110;t&#46;c&#111;m\"><i class=\"icon-envelope\"><\/i>&#103;er&#109;a&#110;&#121;&#64;w&#50;&#101;&#45;co&#110;s&#117;lt&#97;nt&#46;c&#111;m<\/a><\/p>     <\/div>\n      <\/div><\/div><div id=\"pgc-370-1-1\"  class=\"panel-grid-cell\" ><div id=\"panel-370-1-1-0\" class=\"so-panel widget widget_widget_kadence_contact widget_kadence_contact panel-first-child panel-last-child\" data-index=\"2\" >    <div class=\"vcard\">\n      \n      <h5 class=\"vcard-company\"><i class=\"icon-office\"><\/i>W2E Consultant (Global) Pte. Ltd. (Singapore)<\/h5>      <p class=\"vcard-name fn\"><i class=\"icon-user2\"><\/i>Your Contact Person: Grace Chin<\/p>              <p class=\"vcard-address\"><i class=\"icon-location\"><\/i>33 Ubi Ave. #05-12, Vertex, Singapore 408868       <span>  <\/span><\/p>\n                 <p class=\"tel fixedtel\"><i class=\"icon-phone\"><\/i>+65 6908 1255<\/p>      <p><a class=\"email\" href=\"mailto:s&#105;&#110;ga&#112;&#111;&#114;&#101;&#64;&#119;&#50;&#101;-c&#111;&#110;s&#117;&#108;t&#97;&#110;&#116;.&#99;&#111;m\"><i class=\"icon-envelope\"><\/i>&#115;&#105;&#110;&#103;&#97;p&#111;re&#64;w&#50;e-&#99;&#111;&#110;&#115;&#117;&#108;&#116;&#97;&#110;t&#46;co&#109;<\/a><\/p>     <\/div>\n      <\/div><\/div><\/div><\/div><div id=\"pg-370-2\"  class=\"panel-grid panel-no-style\" ><div id=\"pgc-370-2-0\"  class=\"panel-grid-cell\" ><div id=\"panel-370-2-0-0\" class=\"so-panel widget widget_text panel-first-child panel-last-child\" data-index=\"3\" ><h3 class=\"widget-title\">Contact Germany<\/h3>\t\t\t<div class=\"textwidget\"><div class=\"wpcf7 no-js\" id=\"wpcf7-f338-o1\" lang=\"de-DE\" dir=\"ltr\" data-wpcf7-id=\"338\">\n<div class=\"screen-reader-response\">\n<p role=\"status\" aria-live=\"polite\" aria-atomic=\"true\">\n<ul><\/ul>\n<\/div>\n<form action=\"\/en\/wp-json\/wp\/v2\/pages\/370#wpcf7-f338-o1\" method=\"post\" class=\"wpcf7-form init\" aria-label=\"Kontaktformular\" novalidate=\"novalidate\" data-status=\"init\">\n<fieldset class=\"hidden-fields-container\"><input type=\"hidden\" name=\"_wpcf7\" value=\"338\" \/><input type=\"hidden\" name=\"_wpcf7_version\" value=\"6.1.5\" \/><input type=\"hidden\" name=\"_wpcf7_locale\" value=\"de_DE\" \/><input type=\"hidden\" name=\"_wpcf7_unit_tag\" value=\"wpcf7-f338-o1\" \/><input type=\"hidden\" name=\"_wpcf7_container_post\" value=\"0\" \/><input type=\"hidden\" name=\"_wpcf7_posted_data_hash\" value=\"\" \/><br \/>\n<\/fieldset>\n<p>Your Name (required field)\n<\/p>\n<p><span class=\"wpcf7-form-control-wrap\" data-name=\"your-name\"><input size=\"40\" maxlength=\"400\" class=\"wpcf7-form-control wpcf7-text wpcf7-validates-as-required\" aria-required=\"true\" aria-invalid=\"false\" value=\"\" type=\"text\" name=\"your-name\" \/><\/span>\n<\/p>\n<p>Email\n<\/p>\n<p><span class=\"wpcf7-form-control-wrap\" data-name=\"your-email\"><input size=\"40\" maxlength=\"400\" class=\"wpcf7-form-control wpcf7-email wpcf7-text wpcf7-validates-as-email\" aria-invalid=\"false\" value=\"\" type=\"email\" name=\"your-email\" \/><\/span>\n<\/p>\n<p>Message\n<\/p>\n<p><span class=\"wpcf7-form-control-wrap\" data-name=\"your-message\"><textarea cols=\"40\" rows=\"10\" maxlength=\"2000\" class=\"wpcf7-form-control wpcf7-textarea\" aria-invalid=\"false\" name=\"your-message\"><\/textarea><\/span>\n<\/p>\n<p><input class=\"wpcf7-form-control wpcf7-submit has-spinner\" type=\"submit\" value=\"Send\" \/>\n<\/p>\n<div class=\"wpcf7-response-output\" aria-hidden=\"true\"><\/div>\n<\/form>\n<\/div>\n<\/div>\n\t\t<\/div><\/div><div id=\"pgc-370-2-1\"  class=\"panel-grid-cell\" ><div id=\"panel-370-2-1-0\" class=\"so-panel widget widget_text panel-first-child panel-last-child\" data-index=\"4\" ><h3 class=\"widget-title\">Contact Singapore<\/h3>\t\t\t<div class=\"textwidget\"><div class=\"wpcf7 no-js\" id=\"wpcf7-f339-o2\" lang=\"de-DE\" dir=\"ltr\" data-wpcf7-id=\"339\">\n<div class=\"screen-reader-response\">\n<p role=\"status\" aria-live=\"polite\" aria-atomic=\"true\">\n<ul><\/ul>\n<\/div>\n<form action=\"\/en\/wp-json\/wp\/v2\/pages\/370#wpcf7-f339-o2\" method=\"post\" class=\"wpcf7-form init\" aria-label=\"Kontaktformular\" novalidate=\"novalidate\" data-status=\"init\">\n<fieldset class=\"hidden-fields-container\"><input type=\"hidden\" name=\"_wpcf7\" value=\"339\" \/><input type=\"hidden\" name=\"_wpcf7_version\" value=\"6.1.5\" \/><input type=\"hidden\" name=\"_wpcf7_locale\" value=\"de_DE\" \/><input type=\"hidden\" name=\"_wpcf7_unit_tag\" value=\"wpcf7-f339-o2\" \/><input type=\"hidden\" name=\"_wpcf7_container_post\" value=\"0\" \/><input type=\"hidden\" name=\"_wpcf7_posted_data_hash\" value=\"\" \/><br \/>\n<\/fieldset>\n<p>Your Name (required field)\n<\/p>\n<p><span class=\"wpcf7-form-control-wrap\" data-name=\"your-name\"><input size=\"40\" maxlength=\"400\" class=\"wpcf7-form-control wpcf7-text wpcf7-validates-as-required\" aria-required=\"true\" aria-invalid=\"false\" value=\"\" type=\"text\" name=\"your-name\" \/><\/span>\n<\/p>\n<p>Email\n<\/p>\n<p><span class=\"wpcf7-form-control-wrap\" data-name=\"your-email\"><input size=\"40\" maxlength=\"400\" class=\"wpcf7-form-control wpcf7-email wpcf7-text wpcf7-validates-as-email\" aria-invalid=\"false\" value=\"\" type=\"email\" name=\"your-email\" \/><\/span>\n<\/p>\n<p>Message\n<\/p>\n<p><span class=\"wpcf7-form-control-wrap\" data-name=\"your-message\"><textarea cols=\"40\" rows=\"10\" maxlength=\"2000\" class=\"wpcf7-form-control wpcf7-textarea\" aria-invalid=\"false\" name=\"your-message\"><\/textarea><\/span>\n<\/p>\n<p><input class=\"wpcf7-form-control wpcf7-submit has-spinner\" type=\"submit\" value=\"Send\" \/>\n<\/p>\n<div class=\"wpcf7-response-output\" aria-hidden=\"true\"><\/div>\n<\/form>\n<\/div>\n<\/div>\n\t\t<\/div><\/div><\/div><\/div>","protected":false},"excerpt":{"rendered":"<p>KontaktWir werden Sie \u00fcberzeugen! W2E Consultant (Global) Pte. Ltd. (Germany) Your Contact Person: J\u00f6rg M\u00fcller C\/O SiegRevision GmbH, Bahnhof Weidenau 6, 57076 Siegen +49 271 3178380 g&#101;&#114;&#109;&#97;&#110;&#121;&#64;w2e&#45;c&#111;&#110;sulta&#110;t&#46;&#99;&#111;&#109; W2E Consultant (Global) Pte. Ltd. (Singapore) Your Contact Person: Grace Chin 33 Ubi &hellip; <a class=\"kt-excerpt-readmore\" href=\"https:\/\/www.w2e-consultant.com\/en\/contact\/\" aria-label=\"Contact\">Read More<\/a><\/p>\n","protected":false},"author":1,"featured_media":0,"parent":0,"menu_order":50,"comment_status":"closed","ping_status":"closed","template":"page-fullwidth.php","meta":{"footnotes":""},"class_list":["post-370","page","type-page","status-publish","hentry"],"_links":{"self":[{"href":"https:\/\/www.w2e-consultant.com\/en\/wp-json\/wp\/v2\/pages\/370","targetHints":{"allow":["GET"]}}],"collection":[{"href":"https:\/\/www.w2e-consultant.com\/en\/wp-json\/wp\/v2\/pages"}],"about":[{"href":"https:\/\/www.w2e-consultant.com\/en\/wp-json\/wp\/v2\/types\/page"}],"author":[{"embeddable":true,"href":"https:\/\/www.w2e-consultant.com\/en\/wp-json\/wp\/v2\/users\/1"}],"replies":[{"embeddable":true,"href":"https:\/\/www.w2e-consultant.com\/en\/wp-json\/wp\/v2\/comments?post=370"}],"version-history":[{"count":20,"href":"https:\/\/www.w2e-consultant.com\/en\/wp-json\/wp\/v2\/pages\/370\/revisions"}],"predecessor-version":[{"id":522,"href":"https:\/\/www.w2e-consultant.com\/en\/wp-json\/wp\/v2\/pages\/370\/revisions\/522"}],"wp:attachment":[{"href":"https:\/\/www.w2e-consultant.com\/en\/wp-json\/wp\/v2\/media?parent=370"}],"curies":[{"name":"wp","href":"https:\/\/api.w.org\/{rel}","templated":true}]}}